{"id":105,"date":"2022-02-04T21:30:41","date_gmt":"2022-02-04T21:30:41","guid":{"rendered":"https:\/\/hhhemtjanst.se\/meista\/"},"modified":"2022-02-21T18:30:51","modified_gmt":"2022-02-21T18:30:51","slug":"meista","status":"publish","type":"page","link":"https:\/\/hhhemtjanst.se\/fi\/meista\/","title":{"rendered":"Meist\u00e4"},"content":{"rendered":"<div class=\"wp-block-paragraph\">\n<p>Haparanda Hj\u00e4lpen aloitettiin 2021, Urban Lahti aloitti yrityksen. <\/p>\n<\/div>\n\n<div class=\"wp-block-paragraph\">\n<p>Vuoden aikana Tanja Paldanius ja Johan Svedjeholm tulivat osaomistajiksi. Tanjalla on pitk\u00e4 kokemus yksityisest\u00e4 kotipalvelusta Haaparannalla.<\/p>\n<\/div>\n\n<div class=\"wp-block-paragraph\">\n<p>Johan on koulutettu l\u00e4\u00e4k\u00e4ri ja h\u00e4nell\u00e4 on monta l\u00e4\u00e4k\u00e4rin vastaanottoja.<\/p>\n<\/div>","protected":false},"excerpt":{"rendered":"<p>Haparanda Hj\u00e4lpen aloitettiin 2021, Urban Lahti aloitti yrityksen. Vuoden aikana Tanja Paldanius ja Johan Svedjeholm tulivat osaomistajiksi. Tanjalla on pitk\u00e4 kokemus yksityisest\u00e4 kotipalvelusta Haaparannalla. Johan&#8230;<\/p>\n","protected":false},"author":1,"featured_media":0,"parent":0,"menu_order":0,"comment_status":"closed","ping_status":"closed","template":"","meta":{"_acf_changed":false,"footnotes":""},"class_list":["post-105","page","type-page","status-publish","hentry"],"acf":[],"yoast_head":"<!-- This site is optimized with the Yoast SEO plugin v27.3 - https:\/\/yoast.com\/product\/yoast-seo-wordpress\/ -->\n<title>Meist\u00e4 | Haparanda Hj\u00e4lpen Hemtj\u00e4nst<\/title>\n<meta name=\"robots\" content=\"index, follow, max-snippet:-1, max-image-preview:large, max-video-preview:-1\" \/>\n<link rel=\"canonical\" href=\"https:\/\/hhhemtjanst.se\/fi\/meista\/\" \/>\n<meta property=\"og:locale\" content=\"fi_FI\" \/>\n<meta property=\"og:type\" content=\"article\" \/>\n<meta property=\"og:title\" content=\"Meist\u00e4 | Haparanda Hj\u00e4lpen Hemtj\u00e4nst\" \/>\n<meta property=\"og:description\" content=\"Haparanda Hj\u00e4lpen aloitettiin 2021, Urban Lahti aloitti yrityksen. Vuoden aikana Tanja Paldanius ja Johan Svedjeholm tulivat osaomistajiksi. Tanjalla on pitk\u00e4 kokemus yksityisest\u00e4 kotipalvelusta Haaparannalla. Johan...\" \/>\n<meta property=\"og:url\" content=\"https:\/\/hhhemtjanst.se\/fi\/meista\/\" \/>\n<meta property=\"og:site_name\" content=\"Haparanda Hj\u00e4lpen Hemtj\u00e4nst\" \/>\n<meta property=\"article:modified_time\" content=\"2022-02-21T18:30:51+00:00\" \/>\n<meta name=\"twitter:card\" content=\"summary_large_image\" \/>\n<meta name=\"twitter:label1\" content=\"Arvioitu lukuaika\" \/>\n\t<meta name=\"twitter:data1\" content=\"1 minuutti\" \/>\n<script type=\"application\/ld+json\" class=\"yoast-schema-graph\">{\"@context\":\"https:\\\/\\\/schema.org\",\"@graph\":[{\"@type\":\"WebPage\",\"@id\":\"https:\\\/\\\/hhhemtjanst.se\\\/fi\\\/meista\\\/\",\"url\":\"https:\\\/\\\/hhhemtjanst.se\\\/fi\\\/meista\\\/\",\"name\":\"Meist\u00e4 | Haparanda Hj\u00e4lpen Hemtj\u00e4nst\",\"isPartOf\":{\"@id\":\"https:\\\/\\\/hhhemtjanst.se\\\/fi\\\/#website\"},\"datePublished\":\"2022-02-04T21:30:41+00:00\",\"dateModified\":\"2022-02-21T18:30:51+00:00\",\"breadcrumb\":{\"@id\":\"https:\\\/\\\/hhhemtjanst.se\\\/fi\\\/meista\\\/#breadcrumb\"},\"inLanguage\":\"fi\",\"potentialAction\":[{\"@type\":\"ReadAction\",\"target\":[\"https:\\\/\\\/hhhemtjanst.se\\\/fi\\\/meista\\\/\"]}]},{\"@type\":\"BreadcrumbList\",\"@id\":\"https:\\\/\\\/hhhemtjanst.se\\\/fi\\\/meista\\\/#breadcrumb\",\"itemListElement\":[{\"@type\":\"ListItem\",\"position\":1,\"name\":\"Hem\",\"item\":\"https:\\\/\\\/hhhemtjanst.se\\\/fi\\\/koti\\\/\"},{\"@type\":\"ListItem\",\"position\":2,\"name\":\"Meist\u00e4\"}]},{\"@type\":\"WebSite\",\"@id\":\"https:\\\/\\\/hhhemtjanst.se\\\/fi\\\/#website\",\"url\":\"https:\\\/\\\/hhhemtjanst.se\\\/fi\\\/\",\"name\":\"Haparanda Hj\u00e4lpen Hemtj\u00e4nst\",\"description\":\"Din vardagshj&auml;lte med vaccinerad personal\",\"publisher\":{\"@id\":\"https:\\\/\\\/hhhemtjanst.se\\\/fi\\\/#organization\"},\"potentialAction\":[{\"@type\":\"SearchAction\",\"target\":{\"@type\":\"EntryPoint\",\"urlTemplate\":\"https:\\\/\\\/hhhemtjanst.se\\\/fi\\\/?s={search_term_string}\"},\"query-input\":{\"@type\":\"PropertyValueSpecification\",\"valueRequired\":true,\"valueName\":\"search_term_string\"}}],\"inLanguage\":\"fi\"},{\"@type\":\"Organization\",\"@id\":\"https:\\\/\\\/hhhemtjanst.se\\\/fi\\\/#organization\",\"name\":\"Haparanda Hj\u00e4lpen Hemtj\u00e4nst\",\"url\":\"https:\\\/\\\/hhhemtjanst.se\\\/fi\\\/\",\"logo\":{\"@type\":\"ImageObject\",\"inLanguage\":\"fi\",\"@id\":\"https:\\\/\\\/hhhemtjanst.se\\\/fi\\\/#\\\/schema\\\/logo\\\/image\\\/\",\"url\":\"https:\\\/\\\/hhhemtjanst.se\\\/wp-content\\\/uploads\\\/2022\\\/02\\\/Haparanda-Hjalpen-Hemtjanst-Logo.png\",\"contentUrl\":\"https:\\\/\\\/hhhemtjanst.se\\\/wp-content\\\/uploads\\\/2022\\\/02\\\/Haparanda-Hjalpen-Hemtjanst-Logo.png\",\"width\":820,\"height\":465,\"caption\":\"Haparanda Hj\u00e4lpen Hemtj\u00e4nst\"},\"image\":{\"@id\":\"https:\\\/\\\/hhhemtjanst.se\\\/fi\\\/#\\\/schema\\\/logo\\\/image\\\/\"}}]}<\/script>\n<!-- \/ Yoast SEO plugin. -->","yoast_head_json":{"title":"Meist\u00e4 | Haparanda Hj\u00e4lpen Hemtj\u00e4nst","robots":{"index":"index","follow":"follow","max-snippet":"max-snippet:-1","max-image-preview":"max-image-preview:large","max-video-preview":"max-video-preview:-1"},"canonical":"https:\/\/hhhemtjanst.se\/fi\/meista\/","og_locale":"fi_FI","og_type":"article","og_title":"Meist\u00e4 | Haparanda Hj\u00e4lpen Hemtj\u00e4nst","og_description":"Haparanda Hj\u00e4lpen aloitettiin 2021, Urban Lahti aloitti yrityksen. Vuoden aikana Tanja Paldanius ja Johan Svedjeholm tulivat osaomistajiksi. Tanjalla on pitk\u00e4 kokemus yksityisest\u00e4 kotipalvelusta Haaparannalla. Johan...","og_url":"https:\/\/hhhemtjanst.se\/fi\/meista\/","og_site_name":"Haparanda Hj\u00e4lpen Hemtj\u00e4nst","article_modified_time":"2022-02-21T18:30:51+00:00","twitter_card":"summary_large_image","twitter_misc":{"Arvioitu lukuaika":"1 minuutti"},"schema":{"@context":"https:\/\/schema.org","@graph":[{"@type":"WebPage","@id":"https:\/\/hhhemtjanst.se\/fi\/meista\/","url":"https:\/\/hhhemtjanst.se\/fi\/meista\/","name":"Meist\u00e4 | Haparanda Hj\u00e4lpen Hemtj\u00e4nst","isPartOf":{"@id":"https:\/\/hhhemtjanst.se\/fi\/#website"},"datePublished":"2022-02-04T21:30:41+00:00","dateModified":"2022-02-21T18:30:51+00:00","breadcrumb":{"@id":"https:\/\/hhhemtjanst.se\/fi\/meista\/#breadcrumb"},"inLanguage":"fi","potentialAction":[{"@type":"ReadAction","target":["https:\/\/hhhemtjanst.se\/fi\/meista\/"]}]},{"@type":"BreadcrumbList","@id":"https:\/\/hhhemtjanst.se\/fi\/meista\/#breadcrumb","itemListElement":[{"@type":"ListItem","position":1,"name":"Hem","item":"https:\/\/hhhemtjanst.se\/fi\/koti\/"},{"@type":"ListItem","position":2,"name":"Meist\u00e4"}]},{"@type":"WebSite","@id":"https:\/\/hhhemtjanst.se\/fi\/#website","url":"https:\/\/hhhemtjanst.se\/fi\/","name":"Haparanda Hj\u00e4lpen Hemtj\u00e4nst","description":"Din vardagshj&auml;lte med vaccinerad personal","publisher":{"@id":"https:\/\/hhhemtjanst.se\/fi\/#organization"},"potentialAction":[{"@type":"SearchAction","target":{"@type":"EntryPoint","urlTemplate":"https:\/\/hhhemtjanst.se\/fi\/?s={search_term_string}"},"query-input":{"@type":"PropertyValueSpecification","valueRequired":true,"valueName":"search_term_string"}}],"inLanguage":"fi"},{"@type":"Organization","@id":"https:\/\/hhhemtjanst.se\/fi\/#organization","name":"Haparanda Hj\u00e4lpen Hemtj\u00e4nst","url":"https:\/\/hhhemtjanst.se\/fi\/","logo":{"@type":"ImageObject","inLanguage":"fi","@id":"https:\/\/hhhemtjanst.se\/fi\/#\/schema\/logo\/image\/","url":"https:\/\/hhhemtjanst.se\/wp-content\/uploads\/2022\/02\/Haparanda-Hjalpen-Hemtjanst-Logo.png","contentUrl":"https:\/\/hhhemtjanst.se\/wp-content\/uploads\/2022\/02\/Haparanda-Hjalpen-Hemtjanst-Logo.png","width":820,"height":465,"caption":"Haparanda Hj\u00e4lpen Hemtj\u00e4nst"},"image":{"@id":"https:\/\/hhhemtjanst.se\/fi\/#\/schema\/logo\/image\/"}}]}},"_links":{"self":[{"href":"https:\/\/hhhemtjanst.se\/fi\/wp-json\/wp\/v2\/pages\/105","targetHints":{"allow":["GET"]}}],"collection":[{"href":"https:\/\/hhhemtjanst.se\/fi\/wp-json\/wp\/v2\/pages"}],"about":[{"href":"https:\/\/hhhemtjanst.se\/fi\/wp-json\/wp\/v2\/types\/page"}],"author":[{"embeddable":true,"href":"https:\/\/hhhemtjanst.se\/fi\/wp-json\/wp\/v2\/users\/1"}],"replies":[{"embeddable":true,"href":"https:\/\/hhhemtjanst.se\/fi\/wp-json\/wp\/v2\/comments?post=105"}],"version-history":[{"count":5,"href":"https:\/\/hhhemtjanst.se\/fi\/wp-json\/wp\/v2\/pages\/105\/revisions"}],"predecessor-version":[{"id":186,"href":"https:\/\/hhhemtjanst.se\/fi\/wp-json\/wp\/v2\/pages\/105\/revisions\/186"}],"wp:attachment":[{"href":"https:\/\/hhhemtjanst.se\/fi\/wp-json\/wp\/v2\/media?parent=105"}],"curies":[{"name":"wp","href":"https:\/\/api.w.org\/{rel}","templated":true}]}}