{"id":94,"date":"2022-02-04T21:23:53","date_gmt":"2022-02-04T21:23:53","guid":{"rendered":"https:\/\/hhhemtjanst.se\/koti\/"},"modified":"2024-02-07T20:21:47","modified_gmt":"2024-02-07T20:21:47","slug":"koti","status":"publish","type":"page","link":"https:\/\/hhhemtjanst.se\/fi\/","title":{"rendered":"Koti"},"content":{"rendered":"\r\n<section id=\"custom-cover-block-block_b2ee6cc151d5230675d7eb61c11c860e\" class=\"custom-cover-block alignfull\">\r\n    <div class=\"header-image alignfull\">\r\n        \r\n        <div class=\"container\">\r\n                                            <img loading=\"lazy\" decoding=\"async\" class=\"logo-image\" width=\"300\" height=\"300\" src=\"https:\/\/hhhemtjanst.se\/wp-content\/uploads\/2022\/02\/HHhemtjanst-logo.png\" alt=\"\" \/>\r\n            \r\n            \r\n                            <p class=\"page-text\">Yksityinen vai kunnallinen kotihoito? -Se maksaa yht\u00e4 paljon sinulle asiakkaana.<\/p>\r\n            \r\n            <div class=\"buttons\">\r\n                \r\n                            <\/div>\r\n        <\/div>\r\n    <\/div>\r\n<\/section>\n\n\n<div style=\"height:40px\" aria-hidden=\"true\" class=\"wp-block-spacer\"><\/div>\n\n\n<div class=\"wp-block-heading\">\n<h2 class=\"wp-block-heading has-text-align-center has-x-large-font-size\">Tapaa meid\u00e4t&#8230;.<\/h2>\n<\/div>\n\n\n<div style=\"height:20px\" aria-hidden=\"true\" class=\"wp-block-spacer\"><\/div>\n\n\n<div class=\"wp-block-image\">\n<figure class=\"aligncenter size-large is-resized\"><img loading=\"lazy\" decoding=\"async\" width=\"1024\" height=\"1024\" src=\"https:\/\/hhhemtjanst.se\/wp-content\/uploads\/2024\/02\/Inspiraatio-Paiva-1024x1024.jpg\" alt=\"\" class=\"wp-image-247\" style=\"width:640px\" srcset=\"https:\/\/hhhemtjanst.se\/wp-content\/uploads\/2024\/02\/Inspiraatio-Paiva-1024x1024.jpg 1024w, https:\/\/hhhemtjanst.se\/wp-content\/uploads\/2024\/02\/Inspiraatio-Paiva-300x300.jpg 300w, https:\/\/hhhemtjanst.se\/wp-content\/uploads\/2024\/02\/Inspiraatio-Paiva-150x150.jpg 150w, https:\/\/hhhemtjanst.se\/wp-content\/uploads\/2024\/02\/Inspiraatio-Paiva-768x768.jpg 768w, https:\/\/hhhemtjanst.se\/wp-content\/uploads\/2024\/02\/Inspiraatio-Paiva-480x480.jpg 480w, https:\/\/hhhemtjanst.se\/wp-content\/uploads\/2024\/02\/Inspiraatio-Paiva-640x640.jpg 640w, https:\/\/hhhemtjanst.se\/wp-content\/uploads\/2024\/02\/Inspiraatio-Paiva.jpg 1280w\" sizes=\"auto, (max-width: 1024px) 100vw, 1024px\" \/><\/figure>\n<\/div>\n\n\r\n<section id=\"customer-quotes-block_b6e048c6cc66ebfba69348f7e0854e67\" class=\"customer-quotes alignfull\">\r\n    <div class=\"container\">\r\n        <h2 class=\"customer-quote-page-title\">Haparanda Hj\u00e4lpen Hemtj\u00e4nst<\/h2>\r\n        <p class=\"customer-quote-page-text\">Toimitamme kotipalveluita mitk\u00e4 Haaparannan Kaupunki on teille my\u00f6nt\u00e4nyt, Laki valita itse palveluntarjoaja.<\/p>\r\n\r\n            <div class=\"customer-quotes-container\">\r\n                                    \r\n                    <div class=\"customer-quote-container\">\r\n                        <div class=\"customer-quote-info\">\r\n                            \r\n                                                            <div class=\"customer-quote-image-container\">\r\n                                    <i class=\"fas fa-check\"><\/i>\r\n                                <\/div>\r\n                            \r\n                             \r\n                                <div class=\"customer-quote-title\">\r\n                                    <h3 class=\"customer-quote-heading\">Koulutettu henkil\u00f6kunta<\/h3>\r\n                                <\/div>\r\n                            \r\n                                                            <div class=\"customer-quote-text\">\r\n                                    <p>Henkil\u00f6kuntamme on koulutettu (v\u00e4hint\u00e4\u00e4n hoitoapulainen)<\/p>\r\n                                <\/div>\r\n                            \r\n                            \r\n                                                    \r\n                                                    <\/div>\r\n                    <\/div>\r\n                \r\n                \r\n                    <div class=\"customer-quote-container\">\r\n                        <div class=\"customer-quote-info\">\r\n                            \r\n                                                            <div class=\"customer-quote-image-container\">\r\n                                    <i class=\"fas fa-check\"><\/i>\r\n                                <\/div>\r\n                            \r\n                             \r\n                                <div class=\"customer-quote-title\">\r\n                                    <h3 class=\"customer-quote-heading\">IVO<\/h3>\r\n                                <\/div>\r\n                            \r\n                                                            <div class=\"customer-quote-text\">\r\n                                    <p>Lupa IVO:lta<\/p>\r\n                                <\/div>\r\n                            \r\n                            \r\n                                                    \r\n                                                    <\/div>\r\n                    <\/div>\r\n                \r\n                \r\n                    <div class=\"customer-quote-container\">\r\n                        <div class=\"customer-quote-info\">\r\n                            \r\n                                                            <div class=\"customer-quote-image-container\">\r\n                                    <i class=\"fas fa-check\"><\/i>\r\n                                <\/div>\r\n                            \r\n                             \r\n                                <div class=\"customer-quote-title\">\r\n                                    <h3 class=\"customer-quote-heading\">Yksityinen kotihoito<\/h3>\r\n                                <\/div>\r\n                            \r\n                                                            <div class=\"customer-quote-text\">\r\n                                    <p>Kotipalvelut, laki valita itse palvelutarjoaja.<\/p>\r\n                                <\/div>\r\n                            \r\n                            \r\n                                                    \r\n                                                    <\/div>\r\n                    <\/div>\r\n                \r\n                \r\n                    <div class=\"customer-quote-container\">\r\n                        <div class=\"customer-quote-info\">\r\n                            \r\n                                                            <div class=\"customer-quote-image-container\">\r\n                                    <i class=\"fas fa-check\"><\/i>\r\n                                <\/div>\r\n                            \r\n                             \r\n                                <div class=\"customer-quote-title\">\r\n                                    <h3 class=\"customer-quote-heading\">2 kielisi\u00e4<\/h3>\r\n                                <\/div>\r\n                            \r\n                                                            <div class=\"customer-quote-text\">\r\n                                    <p>Ty\u00f6kielen\u00e4 sek\u00e4 ruotsi ett\u00e4 suomi.<\/p>\r\n                                <\/div>\r\n                            \r\n                            \r\n                                                    \r\n                                                    <\/div>\r\n                    <\/div>\r\n                \r\n                \r\n                    <div class=\"customer-quote-container\">\r\n                        <div class=\"customer-quote-info\">\r\n                            \r\n                                                            <div class=\"customer-quote-image-container\">\r\n                                    <i class=\"fas fa-check\"><\/i>\r\n                                <\/div>\r\n                            \r\n                             \r\n                                <div class=\"customer-quote-title\">\r\n                                    <h3 class=\"customer-quote-heading\">Paikallinen yritys<\/h3>\r\n                                <\/div>\r\n                            \r\n                                                            <div class=\"customer-quote-text\">\r\n                                    <p>Olemme paikallinen yritys<\/p>\r\n                                <\/div>\r\n                            \r\n                            \r\n                                                    \r\n                                                    <\/div>\r\n                    <\/div>\r\n                \r\n                \r\n                    <div class=\"customer-quote-container\">\r\n                        <div class=\"customer-quote-info\">\r\n                            \r\n                                                            <div class=\"customer-quote-image-container\">\r\n                                    <i class=\"fas fa-check\"><\/i>\r\n                                <\/div>\r\n                            \r\n                             \r\n                                <div class=\"customer-quote-title\">\r\n                                    <h3 class=\"customer-quote-heading\">Pieni ty\u00f6ryhm\u00e4<\/h3>\r\n                                <\/div>\r\n                            \r\n                                                            <div class=\"customer-quote-text\">\r\n                                    <p>Meid\u00e4n tavoitteemme on pit\u00e4\u00e4 ty\u00f6ryhm\u00e4 pienen\u00e4.<\/p>\r\n                                <\/div>\r\n                            \r\n                            \r\n                                                    \r\n                                                    <\/div>\r\n                    <\/div>\r\n                \r\n                \r\n                    <div class=\"customer-quote-container\">\r\n                        <div class=\"customer-quote-info\">\r\n                            \r\n                                                            <div class=\"customer-quote-image-container\">\r\n                                    <i class=\"fas fa-check\"><\/i>\r\n                                <\/div>\r\n                            \r\n                             \r\n                                <div class=\"customer-quote-title\">\r\n                                    <h3 class=\"customer-quote-heading\">Yksil\u00f6lliset palvelut<\/h3>\r\n                                <\/div>\r\n                            \r\n                                                            <div class=\"customer-quote-text\">\r\n                                    <p>Me keskitymme asiakkaiden toiveisiin ja tarpeisiin.<\/p>\r\n                                <\/div>\r\n                            \r\n                            \r\n                                                    \r\n                                                    <\/div>\r\n                    <\/div>\r\n                \r\n                \r\n                    <div class=\"customer-quote-container\">\r\n                        <div class=\"customer-quote-info\">\r\n                            \r\n                                                            <div class=\"customer-quote-image-container\">\r\n                                    <i class=\"fas fa-check\"><\/i>\r\n                                <\/div>\r\n                            \r\n                             \r\n                                <div class=\"customer-quote-title\">\r\n                                    <h3 class=\"customer-quote-heading\">RUT-palveluita<\/h3>\r\n                                <\/div>\r\n                            \r\n                                                            <div class=\"customer-quote-text\">\r\n                                    <p>Tarjoamme my\u00f6s RUT-palveluita esimerkiksi siivous ja pesu.<\/p>\r\n                                <\/div>\r\n                            \r\n                            \r\n                                                    \r\n                                                    <\/div>\r\n                    <\/div>\r\n                \r\n                   \r\n            \r\n                    <\/div>\r\n    <\/div>\r\n<\/section>\n\n\r\n<section id=\"product-teaser-block_59af41b4eefa1087ce66416c9975ef0d\" class=\"product-teaser alignfull\">\r\n    <div class=\"container\">\r\n                                        \r\n        \r\n        <div class=\"container\">  \r\n             \r\n                <h4 class=\"product-teaser-heading\">Ota yhteytt\u00e4<\/h4>\r\n              \r\n            \r\n                            \r\n                            <a href=\"https:\/\/hhhemtjanst.se\/fi\/yhteydenotto\/\" class=\"btn\">Yhteydenotto<\/a>\r\n             \r\n        <\/div>\r\n    <\/div>\r\n<\/section>","protected":false},"excerpt":{"rendered":"<p>Tapaa meid\u00e4t&#8230;.<\/p>\n","protected":false},"author":1,"featured_media":0,"parent":0,"menu_order":0,"comment_status":"closed","ping_status":"closed","template":"template-home.php","meta":{"_acf_changed":false,"footnotes":""},"class_list":["post-94","page","type-page","status-publish","hentry"],"acf":[],"yoast_head":"<!-- This site is optimized with the Yoast SEO plugin v27.5 - https:\/\/yoast.com\/product\/yoast-seo-wordpress\/ -->\n<title>Haparanda Hj\u00e4lpen Hemtj\u00e4nst | Yksityinen kotipalvelu<\/title>\n<meta name=\"description\" content=\"Toimitamme kotipalveluita mitk\u00e4 Haaparannan Kaupunki on teille my\u00f6nt\u00e4nyt, Laki valita itse palveluntarjoaja.\" \/>\n<meta name=\"robots\" content=\"index, follow, max-snippet:-1, max-image-preview:large, max-video-preview:-1\" \/>\n<link rel=\"canonical\" href=\"https:\/\/hhhemtjanst.se\/fi\/\" \/>\n<meta property=\"og:locale\" content=\"fi_FI\" \/>\n<meta property=\"og:type\" content=\"article\" \/>\n<meta property=\"og:title\" content=\"Haparanda Hj\u00e4lpen Hemtj\u00e4nst | Yksityinen kotipalvelu\" \/>\n<meta property=\"og:description\" content=\"Toimitamme kotipalveluita mitk\u00e4 Haaparannan Kaupunki on teille my\u00f6nt\u00e4nyt, Laki valita itse palveluntarjoaja.\" \/>\n<meta property=\"og:url\" content=\"https:\/\/hhhemtjanst.se\/fi\/\" \/>\n<meta property=\"og:site_name\" content=\"Haparanda Hj\u00e4lpen Hemtj\u00e4nst\" \/>\n<meta property=\"article:modified_time\" content=\"2024-02-07T20:21:47+00:00\" \/>\n<meta property=\"og:image\" content=\"https:\/\/hhhemtjanst.se\/wp-content\/uploads\/2024\/02\/Inspiraatio-Paiva-1024x1024.jpg\" \/>\n<meta name=\"twitter:card\" content=\"summary_large_image\" \/>\n<meta name=\"twitter:label1\" content=\"Arvioitu lukuaika\" \/>\n\t<meta name=\"twitter:data1\" content=\"1 minuutti\" \/>\n<script type=\"application\/ld+json\" class=\"yoast-schema-graph\">{\"@context\":\"https:\\\/\\\/schema.org\",\"@graph\":[{\"@type\":\"WebPage\",\"@id\":\"https:\\\/\\\/hhhemtjanst.se\\\/fi\\\/\",\"url\":\"https:\\\/\\\/hhhemtjanst.se\\\/fi\\\/\",\"name\":\"Haparanda Hj\u00e4lpen Hemtj\u00e4nst | Yksityinen kotipalvelu\",\"isPartOf\":{\"@id\":\"https:\\\/\\\/hhhemtjanst.se\\\/fi\\\/#website\"},\"primaryImageOfPage\":{\"@id\":\"https:\\\/\\\/hhhemtjanst.se\\\/fi\\\/#primaryimage\"},\"image\":{\"@id\":\"https:\\\/\\\/hhhemtjanst.se\\\/fi\\\/#primaryimage\"},\"thumbnailUrl\":\"https:\\\/\\\/hhhemtjanst.se\\\/wp-content\\\/uploads\\\/2024\\\/02\\\/Inspiraatio-Paiva-1024x1024.jpg\",\"datePublished\":\"2022-02-04T21:23:53+00:00\",\"dateModified\":\"2024-02-07T20:21:47+00:00\",\"description\":\"Toimitamme kotipalveluita mitk\u00e4 Haaparannan Kaupunki on teille my\u00f6nt\u00e4nyt, Laki valita itse palveluntarjoaja.\",\"breadcrumb\":{\"@id\":\"https:\\\/\\\/hhhemtjanst.se\\\/fi\\\/#breadcrumb\"},\"inLanguage\":\"fi\",\"potentialAction\":[{\"@type\":\"ReadAction\",\"target\":[\"https:\\\/\\\/hhhemtjanst.se\\\/fi\\\/\"]}]},{\"@type\":\"ImageObject\",\"inLanguage\":\"fi\",\"@id\":\"https:\\\/\\\/hhhemtjanst.se\\\/fi\\\/#primaryimage\",\"url\":\"https:\\\/\\\/hhhemtjanst.se\\\/wp-content\\\/uploads\\\/2024\\\/02\\\/Inspiraatio-Paiva-1024x1024.jpg\",\"contentUrl\":\"https:\\\/\\\/hhhemtjanst.se\\\/wp-content\\\/uploads\\\/2024\\\/02\\\/Inspiraatio-Paiva-1024x1024.jpg\"},{\"@type\":\"BreadcrumbList\",\"@id\":\"https:\\\/\\\/hhhemtjanst.se\\\/fi\\\/#breadcrumb\",\"itemListElement\":[{\"@type\":\"ListItem\",\"position\":1,\"name\":\"Hem\",\"item\":\"https:\\\/\\\/hhhemtjanst.se\\\/fi\\\/koti\\\/\"},{\"@type\":\"ListItem\",\"position\":2,\"name\":\"Koti\"}]},{\"@type\":\"WebSite\",\"@id\":\"https:\\\/\\\/hhhemtjanst.se\\\/fi\\\/#website\",\"url\":\"https:\\\/\\\/hhhemtjanst.se\\\/fi\\\/\",\"name\":\"Haparanda Hj\u00e4lpen Hemtj\u00e4nst\",\"description\":\"Din vardagshj&auml;lte med vaccinerad personal\",\"publisher\":{\"@id\":\"https:\\\/\\\/hhhemtjanst.se\\\/fi\\\/#organization\"},\"potentialAction\":[{\"@type\":\"SearchAction\",\"target\":{\"@type\":\"EntryPoint\",\"urlTemplate\":\"https:\\\/\\\/hhhemtjanst.se\\\/fi\\\/?s={search_term_string}\"},\"query-input\":{\"@type\":\"PropertyValueSpecification\",\"valueRequired\":true,\"valueName\":\"search_term_string\"}}],\"inLanguage\":\"fi\"},{\"@type\":\"Organization\",\"@id\":\"https:\\\/\\\/hhhemtjanst.se\\\/fi\\\/#organization\",\"name\":\"Haparanda Hj\u00e4lpen Hemtj\u00e4nst\",\"url\":\"https:\\\/\\\/hhhemtjanst.se\\\/fi\\\/\",\"logo\":{\"@type\":\"ImageObject\",\"inLanguage\":\"fi\",\"@id\":\"https:\\\/\\\/hhhemtjanst.se\\\/fi\\\/#\\\/schema\\\/logo\\\/image\\\/\",\"url\":\"https:\\\/\\\/hhhemtjanst.se\\\/wp-content\\\/uploads\\\/2022\\\/02\\\/Haparanda-Hjalpen-Hemtjanst-Logo.png\",\"contentUrl\":\"https:\\\/\\\/hhhemtjanst.se\\\/wp-content\\\/uploads\\\/2022\\\/02\\\/Haparanda-Hjalpen-Hemtjanst-Logo.png\",\"width\":820,\"height\":465,\"caption\":\"Haparanda Hj\u00e4lpen Hemtj\u00e4nst\"},\"image\":{\"@id\":\"https:\\\/\\\/hhhemtjanst.se\\\/fi\\\/#\\\/schema\\\/logo\\\/image\\\/\"}}]}<\/script>\n<!-- \/ Yoast SEO plugin. -->","yoast_head_json":{"title":"Haparanda Hj\u00e4lpen Hemtj\u00e4nst | Yksityinen kotipalvelu","description":"Toimitamme kotipalveluita mitk\u00e4 Haaparannan Kaupunki on teille my\u00f6nt\u00e4nyt, Laki valita itse palveluntarjoaja.","robots":{"index":"index","follow":"follow","max-snippet":"max-snippet:-1","max-image-preview":"max-image-preview:large","max-video-preview":"max-video-preview:-1"},"canonical":"https:\/\/hhhemtjanst.se\/fi\/","og_locale":"fi_FI","og_type":"article","og_title":"Haparanda Hj\u00e4lpen Hemtj\u00e4nst | Yksityinen kotipalvelu","og_description":"Toimitamme kotipalveluita mitk\u00e4 Haaparannan Kaupunki on teille my\u00f6nt\u00e4nyt, Laki valita itse palveluntarjoaja.","og_url":"https:\/\/hhhemtjanst.se\/fi\/","og_site_name":"Haparanda Hj\u00e4lpen Hemtj\u00e4nst","article_modified_time":"2024-02-07T20:21:47+00:00","og_image":[{"url":"https:\/\/hhhemtjanst.se\/wp-content\/uploads\/2024\/02\/Inspiraatio-Paiva-1024x1024.jpg","type":"","width":"","height":""}],"twitter_card":"summary_large_image","twitter_misc":{"Arvioitu lukuaika":"1 minuutti"},"schema":{"@context":"https:\/\/schema.org","@graph":[{"@type":"WebPage","@id":"https:\/\/hhhemtjanst.se\/fi\/","url":"https:\/\/hhhemtjanst.se\/fi\/","name":"Haparanda Hj\u00e4lpen Hemtj\u00e4nst | Yksityinen kotipalvelu","isPartOf":{"@id":"https:\/\/hhhemtjanst.se\/fi\/#website"},"primaryImageOfPage":{"@id":"https:\/\/hhhemtjanst.se\/fi\/#primaryimage"},"image":{"@id":"https:\/\/hhhemtjanst.se\/fi\/#primaryimage"},"thumbnailUrl":"https:\/\/hhhemtjanst.se\/wp-content\/uploads\/2024\/02\/Inspiraatio-Paiva-1024x1024.jpg","datePublished":"2022-02-04T21:23:53+00:00","dateModified":"2024-02-07T20:21:47+00:00","description":"Toimitamme kotipalveluita mitk\u00e4 Haaparannan Kaupunki on teille my\u00f6nt\u00e4nyt, Laki valita itse palveluntarjoaja.","breadcrumb":{"@id":"https:\/\/hhhemtjanst.se\/fi\/#breadcrumb"},"inLanguage":"fi","potentialAction":[{"@type":"ReadAction","target":["https:\/\/hhhemtjanst.se\/fi\/"]}]},{"@type":"ImageObject","inLanguage":"fi","@id":"https:\/\/hhhemtjanst.se\/fi\/#primaryimage","url":"https:\/\/hhhemtjanst.se\/wp-content\/uploads\/2024\/02\/Inspiraatio-Paiva-1024x1024.jpg","contentUrl":"https:\/\/hhhemtjanst.se\/wp-content\/uploads\/2024\/02\/Inspiraatio-Paiva-1024x1024.jpg"},{"@type":"BreadcrumbList","@id":"https:\/\/hhhemtjanst.se\/fi\/#breadcrumb","itemListElement":[{"@type":"ListItem","position":1,"name":"Hem","item":"https:\/\/hhhemtjanst.se\/fi\/koti\/"},{"@type":"ListItem","position":2,"name":"Koti"}]},{"@type":"WebSite","@id":"https:\/\/hhhemtjanst.se\/fi\/#website","url":"https:\/\/hhhemtjanst.se\/fi\/","name":"Haparanda Hj\u00e4lpen Hemtj\u00e4nst","description":"Din vardagshj&auml;lte med vaccinerad personal","publisher":{"@id":"https:\/\/hhhemtjanst.se\/fi\/#organization"},"potentialAction":[{"@type":"SearchAction","target":{"@type":"EntryPoint","urlTemplate":"https:\/\/hhhemtjanst.se\/fi\/?s={search_term_string}"},"query-input":{"@type":"PropertyValueSpecification","valueRequired":true,"valueName":"search_term_string"}}],"inLanguage":"fi"},{"@type":"Organization","@id":"https:\/\/hhhemtjanst.se\/fi\/#organization","name":"Haparanda Hj\u00e4lpen Hemtj\u00e4nst","url":"https:\/\/hhhemtjanst.se\/fi\/","logo":{"@type":"ImageObject","inLanguage":"fi","@id":"https:\/\/hhhemtjanst.se\/fi\/#\/schema\/logo\/image\/","url":"https:\/\/hhhemtjanst.se\/wp-content\/uploads\/2022\/02\/Haparanda-Hjalpen-Hemtjanst-Logo.png","contentUrl":"https:\/\/hhhemtjanst.se\/wp-content\/uploads\/2022\/02\/Haparanda-Hjalpen-Hemtjanst-Logo.png","width":820,"height":465,"caption":"Haparanda Hj\u00e4lpen Hemtj\u00e4nst"},"image":{"@id":"https:\/\/hhhemtjanst.se\/fi\/#\/schema\/logo\/image\/"}}]}},"_links":{"self":[{"href":"https:\/\/hhhemtjanst.se\/fi\/wp-json\/wp\/v2\/pages\/94","targetHints":{"allow":["GET"]}}],"collection":[{"href":"https:\/\/hhhemtjanst.se\/fi\/wp-json\/wp\/v2\/pages"}],"about":[{"href":"https:\/\/hhhemtjanst.se\/fi\/wp-json\/wp\/v2\/types\/page"}],"author":[{"embeddable":true,"href":"https:\/\/hhhemtjanst.se\/fi\/wp-json\/wp\/v2\/users\/1"}],"replies":[{"embeddable":true,"href":"https:\/\/hhhemtjanst.se\/fi\/wp-json\/wp\/v2\/comments?post=94"}],"version-history":[{"count":26,"href":"https:\/\/hhhemtjanst.se\/fi\/wp-json\/wp\/v2\/pages\/94\/revisions"}],"predecessor-version":[{"id":254,"href":"https:\/\/hhhemtjanst.se\/fi\/wp-json\/wp\/v2\/pages\/94\/revisions\/254"}],"wp:attachment":[{"href":"https:\/\/hhhemtjanst.se\/fi\/wp-json\/wp\/v2\/media?parent=94"}],"curies":[{"name":"wp","href":"https:\/\/api.w.org\/{rel}","templated":true}]}}