{"id":98,"date":"2022-02-04T21:30:06","date_gmt":"2022-02-04T21:30:06","guid":{"rendered":"https:\/\/hhhemtjanst.se\/yhteydenotto\/"},"modified":"2022-02-21T15:07:02","modified_gmt":"2022-02-21T15:07:02","slug":"yhteydenotto","status":"publish","type":"page","link":"https:\/\/hhhemtjanst.se\/fi\/yhteydenotto\/","title":{"rendered":"Yhteydenotto"},"content":{"rendered":"\r\n<section id=\"custom-cover-block-block_61faedd6b0d80\" class=\"custom-cover-block alignfull\">\r\n    <div class=\"header-image alignfull\">\r\n        \r\n        <div class=\"container\">\r\n                                            <img loading=\"lazy\" decoding=\"async\" class=\"logo-image\" width=\"300\" height=\"300\" src=\"https:\/\/hhhemtjanst.se\/wp-content\/uploads\/2022\/02\/HHhemtjanst-logo.png\" alt=\"\" \/>\r\n            \r\n            \r\n                            <p class=\"page-text\">Sinun arjentuki<\/p>\r\n            \r\n            <div class=\"buttons\">\r\n                \r\n                            <\/div>\r\n        <\/div>\r\n    <\/div>\r\n<\/section>\n\n\r\n<section id=\"customer-quotes-block_61faee5cb0d81\" class=\"customer-quotes alignfull\">\r\n    <div class=\"container\">\r\n        <h2 class=\"customer-quote-page-title\">Ota yhteytt\u00e4<\/h2>\r\n        <p class=\"customer-quote-page-text\">Ota yhteytt\u00e4 meihin s\u00e4hk\u00f6postiosoitteella info@hhhemtjanst.se tai allaolevilla tiedoilla. Henkil\u00f6kunta puhelinnumero: 070-417 10 50<\/p>\r\n\r\n            <div class=\"customer-quotes-container\">\r\n                                    \r\n                    <div class=\"customer-quote-container\">\r\n                        <div class=\"customer-quote-info\">\r\n                                                            <div class=\"customer-quote-image-container\">\r\n                                                                                                            <img loading=\"lazy\" decoding=\"async\" class=\"customer-quote-image\" width=\"30\" height=\"30\" src=\"https:\/\/hhhemtjanst.se\/wp-content\/uploads\/2022\/02\/Tanja-personalbild-kvadratisk-150x150.png\" alt=\"\" \/>\r\n                                <\/div>\r\n                            \r\n                            \r\n                             \r\n                                <div class=\"customer-quote-title\">\r\n                                    <h3 class=\"customer-quote-heading\">Tanja Paldanius<\/h3>\r\n                                <\/div>\r\n                            \r\n                                                            <div class=\"customer-quote-text\">\r\n                                    <p>Koordinaattori \/ osaomistaja<\/p>\r\n                                <\/div>\r\n                            \r\n                                                            <div class=\"customer-quote-names\">\r\n                                    <p class=\"customer-quote-name\">070-528 35 09<\/p>\r\n                                <\/div>\r\n                            \r\n                                                            <div class=\"customer-quote-email\">\r\n                                    <p class=\"customer-quote-emailp\">info@hhhemtjanst.se<\/p>\r\n                                <\/div>\r\n                                                    \r\n                                                    <\/div>\r\n                    <\/div>\r\n                \r\n                \r\n                    <div class=\"customer-quote-container\">\r\n                        <div class=\"customer-quote-info\">\r\n                                                            <div class=\"customer-quote-image-container\">\r\n                                                                                                            <img loading=\"lazy\" decoding=\"async\" class=\"customer-quote-image\" width=\"30\" height=\"30\" src=\"https:\/\/hhhemtjanst.se\/wp-content\/uploads\/2022\/02\/Urban-personalbild-kvadratisk-150x150.png\" alt=\"\" \/>\r\n                                <\/div>\r\n                            \r\n                            \r\n                             \r\n                                <div class=\"customer-quote-title\">\r\n                                    <h3 class=\"customer-quote-heading\">Urban Lahti<\/h3>\r\n                                <\/div>\r\n                            \r\n                                                            <div class=\"customer-quote-text\">\r\n                                    <p>Toimitusjohtaja \/ osaomistaja<\/p>\r\n                                <\/div>\r\n                            \r\n                                                            <div class=\"customer-quote-names\">\r\n                                    <p class=\"customer-quote-name\">070-325 42 42<\/p>\r\n                                <\/div>\r\n                            \r\n                                                            <div class=\"customer-quote-email\">\r\n                                    <p class=\"customer-quote-emailp\">info@hhhemtjanst.se<\/p>\r\n                                <\/div>\r\n                                                    \r\n                                                    <\/div>\r\n                    <\/div>\r\n                \r\n                \r\n                    <div class=\"customer-quote-container\">\r\n                        <div class=\"customer-quote-info\">\r\n                                                            <div class=\"customer-quote-image-container\">\r\n                                                                                                            <img loading=\"lazy\" decoding=\"async\" class=\"customer-quote-image\" width=\"30\" height=\"30\" src=\"https:\/\/hhhemtjanst.se\/wp-content\/uploads\/2022\/02\/Johan-personalbild-kvadratisk-150x150.png\" alt=\"\" \/>\r\n                                <\/div>\r\n                            \r\n                            \r\n                             \r\n                                <div class=\"customer-quote-title\">\r\n                                    <h3 class=\"customer-quote-heading\">Johan Svedjeholm<\/h3>\r\n                                <\/div>\r\n                            \r\n                                                            <div class=\"customer-quote-text\">\r\n                                    <p>L\u00e4\u00e4k\u00e4ri \/ osaomistaja<\/p>\r\n                                <\/div>\r\n                            \r\n                            \r\n                                                            <div class=\"customer-quote-email\">\r\n                                    <p class=\"customer-quote-emailp\">info@hhhemtjanst.se<\/p>\r\n                                <\/div>\r\n                                                    \r\n                                                    <\/div>\r\n                    <\/div>\r\n                \r\n                   \r\n            \r\n                    <\/div>\r\n    <\/div>\r\n<\/section>","protected":false},"excerpt":{"rendered":"","protected":false},"author":1,"featured_media":0,"parent":0,"menu_order":0,"comment_status":"closed","ping_status":"closed","template":"template-home.php","meta":{"_acf_changed":false,"footnotes":""},"class_list":["post-98","page","type-page","status-publish","hentry"],"acf":[],"yoast_head":"<!-- This site is optimized with the Yoast SEO plugin v27.3 - https:\/\/yoast.com\/product\/yoast-seo-wordpress\/ -->\n<title>Yhteydenotto | Haparanda Hj\u00e4lpen Hemtj\u00e4nst<\/title>\n<meta name=\"robots\" content=\"index, follow, max-snippet:-1, max-image-preview:large, max-video-preview:-1\" \/>\n<link rel=\"canonical\" href=\"https:\/\/hhhemtjanst.se\/fi\/yhteydenotto\/\" \/>\n<meta property=\"og:locale\" content=\"fi_FI\" \/>\n<meta property=\"og:type\" content=\"article\" \/>\n<meta property=\"og:title\" content=\"Yhteydenotto | Haparanda Hj\u00e4lpen Hemtj\u00e4nst\" \/>\n<meta property=\"og:url\" content=\"https:\/\/hhhemtjanst.se\/fi\/yhteydenotto\/\" \/>\n<meta property=\"og:site_name\" content=\"Haparanda Hj\u00e4lpen Hemtj\u00e4nst\" \/>\n<meta property=\"article:modified_time\" content=\"2022-02-21T15:07:02+00:00\" \/>\n<meta name=\"twitter:card\" content=\"summary_large_image\" \/>\n<script type=\"application\/ld+json\" class=\"yoast-schema-graph\">{\"@context\":\"https:\\\/\\\/schema.org\",\"@graph\":[{\"@type\":\"WebPage\",\"@id\":\"https:\\\/\\\/hhhemtjanst.se\\\/fi\\\/yhteydenotto\\\/\",\"url\":\"https:\\\/\\\/hhhemtjanst.se\\\/fi\\\/yhteydenotto\\\/\",\"name\":\"Yhteydenotto | Haparanda Hj\u00e4lpen Hemtj\u00e4nst\",\"isPartOf\":{\"@id\":\"https:\\\/\\\/hhhemtjanst.se\\\/fi\\\/#website\"},\"datePublished\":\"2022-02-04T21:30:06+00:00\",\"dateModified\":\"2022-02-21T15:07:02+00:00\",\"breadcrumb\":{\"@id\":\"https:\\\/\\\/hhhemtjanst.se\\\/fi\\\/yhteydenotto\\\/#breadcrumb\"},\"inLanguage\":\"fi\",\"potentialAction\":[{\"@type\":\"ReadAction\",\"target\":[\"https:\\\/\\\/hhhemtjanst.se\\\/fi\\\/yhteydenotto\\\/\"]}]},{\"@type\":\"BreadcrumbList\",\"@id\":\"https:\\\/\\\/hhhemtjanst.se\\\/fi\\\/yhteydenotto\\\/#breadcrumb\",\"itemListElement\":[{\"@type\":\"ListItem\",\"position\":1,\"name\":\"Hem\",\"item\":\"https:\\\/\\\/hhhemtjanst.se\\\/fi\\\/koti\\\/\"},{\"@type\":\"ListItem\",\"position\":2,\"name\":\"Yhteydenotto\"}]},{\"@type\":\"WebSite\",\"@id\":\"https:\\\/\\\/hhhemtjanst.se\\\/fi\\\/#website\",\"url\":\"https:\\\/\\\/hhhemtjanst.se\\\/fi\\\/\",\"name\":\"Haparanda Hj\u00e4lpen Hemtj\u00e4nst\",\"description\":\"Din vardagshj&auml;lte med vaccinerad personal\",\"publisher\":{\"@id\":\"https:\\\/\\\/hhhemtjanst.se\\\/fi\\\/#organization\"},\"potentialAction\":[{\"@type\":\"SearchAction\",\"target\":{\"@type\":\"EntryPoint\",\"urlTemplate\":\"https:\\\/\\\/hhhemtjanst.se\\\/fi\\\/?s={search_term_string}\"},\"query-input\":{\"@type\":\"PropertyValueSpecification\",\"valueRequired\":true,\"valueName\":\"search_term_string\"}}],\"inLanguage\":\"fi\"},{\"@type\":\"Organization\",\"@id\":\"https:\\\/\\\/hhhemtjanst.se\\\/fi\\\/#organization\",\"name\":\"Haparanda Hj\u00e4lpen Hemtj\u00e4nst\",\"url\":\"https:\\\/\\\/hhhemtjanst.se\\\/fi\\\/\",\"logo\":{\"@type\":\"ImageObject\",\"inLanguage\":\"fi\",\"@id\":\"https:\\\/\\\/hhhemtjanst.se\\\/fi\\\/#\\\/schema\\\/logo\\\/image\\\/\",\"url\":\"https:\\\/\\\/hhhemtjanst.se\\\/wp-content\\\/uploads\\\/2022\\\/02\\\/Haparanda-Hjalpen-Hemtjanst-Logo.png\",\"contentUrl\":\"https:\\\/\\\/hhhemtjanst.se\\\/wp-content\\\/uploads\\\/2022\\\/02\\\/Haparanda-Hjalpen-Hemtjanst-Logo.png\",\"width\":820,\"height\":465,\"caption\":\"Haparanda Hj\u00e4lpen Hemtj\u00e4nst\"},\"image\":{\"@id\":\"https:\\\/\\\/hhhemtjanst.se\\\/fi\\\/#\\\/schema\\\/logo\\\/image\\\/\"}}]}<\/script>\n<!-- \/ Yoast SEO plugin. -->","yoast_head_json":{"title":"Yhteydenotto | Haparanda Hj\u00e4lpen Hemtj\u00e4nst","robots":{"index":"index","follow":"follow","max-snippet":"max-snippet:-1","max-image-preview":"max-image-preview:large","max-video-preview":"max-video-preview:-1"},"canonical":"https:\/\/hhhemtjanst.se\/fi\/yhteydenotto\/","og_locale":"fi_FI","og_type":"article","og_title":"Yhteydenotto | Haparanda Hj\u00e4lpen Hemtj\u00e4nst","og_url":"https:\/\/hhhemtjanst.se\/fi\/yhteydenotto\/","og_site_name":"Haparanda Hj\u00e4lpen Hemtj\u00e4nst","article_modified_time":"2022-02-21T15:07:02+00:00","twitter_card":"summary_large_image","schema":{"@context":"https:\/\/schema.org","@graph":[{"@type":"WebPage","@id":"https:\/\/hhhemtjanst.se\/fi\/yhteydenotto\/","url":"https:\/\/hhhemtjanst.se\/fi\/yhteydenotto\/","name":"Yhteydenotto | Haparanda Hj\u00e4lpen Hemtj\u00e4nst","isPartOf":{"@id":"https:\/\/hhhemtjanst.se\/fi\/#website"},"datePublished":"2022-02-04T21:30:06+00:00","dateModified":"2022-02-21T15:07:02+00:00","breadcrumb":{"@id":"https:\/\/hhhemtjanst.se\/fi\/yhteydenotto\/#breadcrumb"},"inLanguage":"fi","potentialAction":[{"@type":"ReadAction","target":["https:\/\/hhhemtjanst.se\/fi\/yhteydenotto\/"]}]},{"@type":"BreadcrumbList","@id":"https:\/\/hhhemtjanst.se\/fi\/yhteydenotto\/#breadcrumb","itemListElement":[{"@type":"ListItem","position":1,"name":"Hem","item":"https:\/\/hhhemtjanst.se\/fi\/koti\/"},{"@type":"ListItem","position":2,"name":"Yhteydenotto"}]},{"@type":"WebSite","@id":"https:\/\/hhhemtjanst.se\/fi\/#website","url":"https:\/\/hhhemtjanst.se\/fi\/","name":"Haparanda Hj\u00e4lpen Hemtj\u00e4nst","description":"Din vardagshj&auml;lte med vaccinerad personal","publisher":{"@id":"https:\/\/hhhemtjanst.se\/fi\/#organization"},"potentialAction":[{"@type":"SearchAction","target":{"@type":"EntryPoint","urlTemplate":"https:\/\/hhhemtjanst.se\/fi\/?s={search_term_string}"},"query-input":{"@type":"PropertyValueSpecification","valueRequired":true,"valueName":"search_term_string"}}],"inLanguage":"fi"},{"@type":"Organization","@id":"https:\/\/hhhemtjanst.se\/fi\/#organization","name":"Haparanda Hj\u00e4lpen Hemtj\u00e4nst","url":"https:\/\/hhhemtjanst.se\/fi\/","logo":{"@type":"ImageObject","inLanguage":"fi","@id":"https:\/\/hhhemtjanst.se\/fi\/#\/schema\/logo\/image\/","url":"https:\/\/hhhemtjanst.se\/wp-content\/uploads\/2022\/02\/Haparanda-Hjalpen-Hemtjanst-Logo.png","contentUrl":"https:\/\/hhhemtjanst.se\/wp-content\/uploads\/2022\/02\/Haparanda-Hjalpen-Hemtjanst-Logo.png","width":820,"height":465,"caption":"Haparanda Hj\u00e4lpen Hemtj\u00e4nst"},"image":{"@id":"https:\/\/hhhemtjanst.se\/fi\/#\/schema\/logo\/image\/"}}]}},"_links":{"self":[{"href":"https:\/\/hhhemtjanst.se\/fi\/wp-json\/wp\/v2\/pages\/98","targetHints":{"allow":["GET"]}}],"collection":[{"href":"https:\/\/hhhemtjanst.se\/fi\/wp-json\/wp\/v2\/pages"}],"about":[{"href":"https:\/\/hhhemtjanst.se\/fi\/wp-json\/wp\/v2\/types\/page"}],"author":[{"embeddable":true,"href":"https:\/\/hhhemtjanst.se\/fi\/wp-json\/wp\/v2\/users\/1"}],"replies":[{"embeddable":true,"href":"https:\/\/hhhemtjanst.se\/fi\/wp-json\/wp\/v2\/comments?post=98"}],"version-history":[{"count":11,"href":"https:\/\/hhhemtjanst.se\/fi\/wp-json\/wp\/v2\/pages\/98\/revisions"}],"predecessor-version":[{"id":177,"href":"https:\/\/hhhemtjanst.se\/fi\/wp-json\/wp\/v2\/pages\/98\/revisions\/177"}],"wp:attachment":[{"href":"https:\/\/hhhemtjanst.se\/fi\/wp-json\/wp\/v2\/media?parent=98"}],"curies":[{"name":"wp","href":"https:\/\/api.w.org\/{rel}","templated":true}]}}